{"id":9435,"date":"2025-03-01T13:55:40","date_gmt":"2025-03-01T18:55:40","guid":{"rendered":"https:\/\/dhss.delaware.gov\/dph\/censustractrpt_spintro\/"},"modified":"2025-03-02T00:23:00","modified_gmt":"2025-03-02T05:23:00","slug":"censustractrpt_spintro","status":"publish","type":"page","link":"https:\/\/dhss.delaware.gov\/dph\/dpc\/censustractrpt_spintro\/","title":{"rendered":"dpc\/censustractrpt_spintro ~  Spanish language intro to Cancer by Census Tract maps and table.  &#8211; Delaware Health and Social Services &#8211; State of Delaware"},"content":{"rendered":"<div data-swiftype-index=\"true\">\n\n\n\n  <br>\n\n  \n\n\n\n  \n\n  <div class=\"container\" id=\"main_header\">\n\n    \n\n\n\n <!-- BEGIN readspeaker div -->\n\n    <div class=\"rs_skip rsbtn rs_preserve\" id=\"readspeaker_button1\">\n\n      <a accesskey=\"L\" class=\"rsbtn_play\" href=\"https:\/\/app-na.readspeaker.com\/cgi-bin\/rsent?customerid=7262&#038;lang=en_us&#038;readid=main_content&#038;url=https:\/\/dhss.delaware.gov\/dph\/dpc\/censustractrpt_spintro.html\" title=\"Listen to this page using ReadSpeaker\">\n\n        <span class=\"rsbtn_left rsimg rspart\"><span class=\"rsbtn_text\"><span>Listen<\/span><\/span><\/span>\n\n        <span class=\"rsbtn_right rsimg rsplay rspart\"><\/span>\n\n      <\/a>\n\n    <\/div>\n\n    <!-- END readspeaker div -->\n\n\n\n\n\n    \n\n    <header class=\"pull-left\">\n\n      <h1><!--[type=EDIT name=\"Page Title\"]-->Gu&#038;iacute para Entender:<!--[END]--><\/h1>\n\n    <\/header>\n\n    \n\n  <\/div><br>\n\n \n\n  <div class=\"container\">\n\n    <div class=\"row\">\n\n      <div class=\"col-md-3\" id=\"leftCol\">\n\n        <div class=\"panel-group\" id=\"accordion\">\n\n          <div class=\"panel sectionmenu_panel\">\n\n            <div class=\"panel-heading\">\n\n              <p class=\"panel-title\"><a class=\"agency_nav\" data-parent=\"#accordion\" data-toggle=\"collapse\" href=\"#collapseOne\"><strong><i class=\"fa fa-align-justify fa-fw\"><\/i> Public Health Menu<\/strong><\/a><\/p>\n\n            <\/div>\n\n\n\n            <div class=\"panel-collapse collapse in\" id=\"collapseOne\">\n\n              <div class=\"panel-body\" id=\"clf_nav\">\n\n                  <ul class=\"nav nav-stacked nav-pills-clf\" id=\"agency_sidebar\">\n    <li><a href=\"\/dph\/\"><h2>Home <i class=\"fa fa-home fa-fw\"><\/i><\/h2><\/a><\/li>\n    <li class=\"toplevel\"><a data-parent=\"#agency_sidebar\" data-toggle=\"collapse\" href=\"#HomeMenu\"><h2>About <i class=\"fa fa-caret-right fa-fw\"><\/i><\/h2><\/a>\n      <ul class=\"panel-collapse collapse\" id=\"HomeMenu\">\n        <li><a href=\"\/dph\/about.html\">About DPH<\/a><\/li>\n        <li><a href=\"\/dph\/sections.html\">Sections &#038; Programs<\/a><\/li>\n        <li><a href=\"\/dph\/ofclocations.html\">Office Locations<\/a><\/li>\n        <li><a href=\"\/dph\/contact.html\">Contact Info<\/a><\/li>\n      \n        <li><a href=\"\/calendars.html\" target=\"_blank\">Calendar<\/a><\/li>\n      <\/ul>\n    <\/li>\n    <li class=\"toplevel\"><a data-parent=\"#sidebar\" data-toggle=\"collapse\" href=\"#ServicesMenu\"><h2>Services <i class=\"fa fa-caret-right fa-fw\"><\/i><\/h2><\/a>\n      <ul class=\"panel-collapse collapse\" id=\"ServicesMenu\">\n        <li><a href=\"\/dph\/servicesaz.html\">A-Z Services<\/a><\/li>\n        <li><a href=\"\/dph\/hsp\/environmental.html\">Air &#038; Water Quality<\/a><\/li>\n        <li><a href=\"\/dph\/ss\/vitalstats.html\">Birth, Death, &#038; Marriage Records<\/a><\/li>\n        <li><a href=\"\/dph\/clinics.html\">Clinics<\/a><\/li>\n        <li><a href=\"\/dph\/healthdatastats.html\">Health Data &#038; Statistics<\/a><\/li>\n        <li><a href=\"\/dph\/php\/emsps.html\">Emergency Preparedness<\/a><\/li>\n        <li><a href=\"\/dph\/healthandwellness.html\">Health &#038; Wellness<\/a><\/li>\n        <li><a href=\"\/dph\/hsp\/healthyhomes.html\">Healthy Homes<\/a><\/li>\n        <li><a href=\"\/dph\/hsp\/healthywp.html\">Healthy Workplaces<\/a><\/li>\n        <li><a href=\"\/dph\/lab\/labs.html\">Laboratory<\/a><\/li>\n        <li><a href=\"\/dph\/hsp\/feir.html\">Restaurant Inspections<\/a><\/li>\n        <li><a href=\"\/dph\/screen.html\">Screening and Testing<\/a><\/li>\n        <li><a href=\"\/dph\/chca\/dphwichominf01.html\">WIC<\/a><\/li>\n        <li><a href=\"\/dph\/servicesadd.html\">Additional Services<\/a><\/li><li>\n      <\/li><\/ul>\n    <\/li>\n    <li class=\"toplevel\"><a data-parent=\"#sidebar\" data-toggle=\"collapse\" href=\"#InformationMenu\"><h2>Information <i class=\"fa fa-caret-right fa-fw\"><\/i><\/h2><\/a>\n        <ul class=\"panel-collapse collapse\" id=\"InformationMenu\">\n        <li><a href=\"\/dph\/factsheetsaz.html\">A-Z Fact Sheets<\/a><\/li>\n        <li><a href=\"\/dph\/pubreportsaz.html\">A-Z Publications &#038; Reports<\/a><\/li>\n        <li><a href=\"\/dph\/diseasesandconditions.html\">Diseases &#038; Conditions<\/a><\/li>\n        <li><a href=\"\/dph\/faq.html\">FAQ&#8217;s<\/a><\/li>\n        <li><a href=\"\/dph\/php\/alerts.html\">Health Alerts<\/a><\/li>\n        <li><a href=\"\/dph\/healthylifestyles.html\">Healthy Lifestyles<\/a><\/li>\n        <li><a href=\"\/dph\/hipaa.html\">HIPAA<\/a><\/li>\n        <li><a href=\"\/dph\/regs.html\">Regulations<\/a><\/li>\n        <li><a href=\"\/dph\/forms.html\">Request Forms<\/a><\/li>\n        <li><a href=\"\/dph\/links.html\">Links &#038; Resources<\/a><\/li>\n        <li><a href=\"http:\/\/delaware.gov\/help\/foia_request.shtml\">FOIA Request Form<\/a><\/li>\n      <\/ul>\n    <\/li>\n    <li><a id=\"SocialMenuHeader\"><h2>Connect <i class=\"fa fa-thumbs-o-up fa-fw\"><\/i><\/h2><\/a>\n      <ul id=\"SocialMenu\">\n        <li class=\"facebook\"><a href=\"https:\/\/www.facebook.com\/DEPublicHealth\" target=\"_blank\" title=\"Division of Public Health Facebook Page\"><i class=\"fa fa-facebook-square fa-lg\"><\/i> Facebook<\/a><\/li>\n        <li class=\"twitter\"><a href=\"https:\/\/twitter.com\/Delaware_DHSS\" target=\"_blank\" title=\"Delaware Health and Social Services Twitter Account\"><i class=\"fa fa-twitter-square fa-lg\"><\/i> Twitter<\/a><\/li>\n        <!-- <li class=\"googleplus\"><a href=\"#\"><i class=\"fa fa-google-plus-square fa-lg\"><\/i> Google +<\/a><\/li>\n        <li class=\"flickr\"><a href=\"#\"><i class=\"fa fa-flickr fa-lg\"><\/i> Flickr<\/a><\/li>\n        <li class=\"youtube\"><a href=\"#\"><i class=\"fa fa-youtube-square fa-lg\"><\/i> Youtube<\/a><\/li>\n        <li class=\"instagram\"><a href=\"#\"><i class=\"fa fa-instagram fa-lg\"><\/i> Instagram<\/a><\/li>\n        <li class=\"linkedin\"><a href=\"#\"><i class=\"fa fa-linkedin-square fa-lg\"><\/i> Linkedin<\/a><\/li>\n        <li class=\"pinterest\"><a href=\"#\"><i class=\"fa fa-pinterest-square fa-lg\"><\/i> Pinterest<\/a><\/li> -->\n      <\/ul>\n    <\/li>\n  <\/ul>\n\n              <\/div>\n\n            <\/div>\n\n          <\/div>\n\n        <\/div><br>\n\n      <\/div>\n\n\n\n      <div class=\"col-md-9\" id=\"main_content\"> \n\n  <!--[type=HTMLEDIT name=\"Content\"]-->\n\n\n\n<h2>\n\n\n  Las Mediciones de Casos de C\u00e1ncer por Secciones Censadas\n\n\n<\/h2>\n\n\n<p>\n\n\n  Antes de continuar, damos una gu\u00eda para ayudarle a comprender la informaci\u00f3n presentada.\n\n\n<\/p>\n\n\n<h2>\n\n\n  Resumen\n\n\n<\/h2>\n\n\n<ul>\n\n\n  <li>Los \u00edndices de c\u00e1ncer en las secciones censadas cambiaran de un a\u00f1o a otro debido al bajo n\u00famero de\n\n\n  habitantes en dichas secciones. Por esta raz\u00f3n, los \u00edndices son inseguros y dif\u00edciles de interpretar.\n\n\n  <\/li>\n\n\n  <li>Para ayudar a comprender cu\u00e1nta confianza debemos tener en un \u00edndice de c\u00e1ncer en una secci\u00f3n censada,\n\n\n  calculamos un <em>intervalo de confianza.<\/em> Este es un m\u00e9todo estad\u00edstico est\u00e1ndar.\n\n\n  <\/li>\n\n\n  <li>S\u00f3lo si los intervalos de confianza del \u00edndice de c\u00e1ncer, en una secci\u00f3n censada, y de la totalidad del\n\n\n  estado, <strong>no se superponen,<\/strong> podemos decir que existe la confianza suficiente para denominar el \u00edndice de una\n\n\n  secci\u00f3n como significativamente diferente al del estado\n\n\n  <\/li>\n\n\n  <li>Hemos proporcionado una tabla que muestra el intervalo de confianza del \u00edndice de c\u00e1ncer en cada secci\u00f3n censada\n\n\n  y en todo el estado. Se debe ver la tabla para determinar si el \u00edndice de una secci\u00f3n particular es significativamente\n\n\n  diferente al del estado.\n\n\n  <\/li>\n\n\n<\/ul>\n\n\n<p>\n\n\n  La informaci\u00f3n del \u00cdndice de C\u00e1ncer por Secci\u00f3n Censada esta a la disposici\u00f3n en la p\u00e1gina Web\n\n\n  de la Divisi\u00f3n de Salud P\u00fablica en: <a href=\"\/dph\/dpc\/cancer.html\">www.dhss.delaware.gov\/dph\/dpc\/cancer.html<\/a>\n\n\n<\/p>\n\n\n<h2>\n\n\n  M\u00e1s Detalles\n\n\n<\/h2>\n\n\n<p>\n\n\n  El estudio del n\u00famero de enfermedades en zonas peque\u00f1as, como en una zona censada, es dif\u00edcil de interpretar y puede\n\n\n  ser enga\u00f1oso si no se hace con cuidado. La siguiente informaci\u00f3n se presenta para ayudar a entender los\n\n\n  \u201c\u00cdndices o Mediciones de C\u00e1ncer por Secci\u00f3n Censal\u201d.\n\n\n<\/p>\n\n\n<p>\n\n\n  Para comprender el c\u00e1ncer en Delaware, los investigadores necesitan rastrear, cada a\u00f1o, el n\u00famero total de casos de\n\n\n  c\u00e1ncer recientemente diagnosticados. Los investigadores usan diferentes tipos de informaci\u00f3n para calcular los\n\n\n  \u00edndices de c\u00e1ncer. Esta informaci\u00f3n debe incluir el c\u00e1lculo del n\u00famero de personas que viven en\n\n\n  Delaware y los datos de los casos de c\u00e1ncer diagnosticados en el estado.\n\n\n<\/p>\n\n\n<p>\n\n\n  Aunque los investigadores calculan los \u00edndices de c\u00e1ncer utilizando la mejor informaci\u00f3n que tienen al alcance, no\n\n\n  se puede confiar completamente en esta informaci\u00f3n. El \u00edndice de cualquier enfermedad en una poblaci\u00f3n, s\u00f3lo\n\n\n  da un vistazo instant\u00e1neo del impacto de esa enfermedad, en un lapso de tiempo determinado. Ya que Delaware es un estado\n\n\n  peque\u00f1o, se nos presenta un especial problema al tratar de interpretar esa vista instant\u00e1nea.\n\n\n<\/p>\n\n\n<p>\n\n\n  En un grupo de menor tama\u00f1o, como en una secci\u00f3n censada, el vistazo instant\u00e1neo cambia mucho de un a\u00f1o a\n\n\n  otro. Si se diagnostica un caso de c\u00e1ncer en una secci\u00f3n en un a\u00f1o, y el siguiente a\u00f1o se encuentran tres\n\n\n  casos en la misma secci\u00f3n, el \u00edndice de c\u00e1ncer de esa secci\u00f3n cambiar\u00e1 dram\u00e1ticamente de un\n\n\n  a\u00f1o a otro. Estas grandes fluctuaciones no ocurren de forma t\u00edpica en poblaciones m\u00e1s grandes. Si comparamos el\n\n\n  \u00edndice de c\u00e1ncer de s\u00f3lo una secci\u00f3n, con el \u00edndice de todo el estado Delaware, en un a\u00f1o dado,\n\n\n  no ser\u00eda raro encontrar que la comparaci\u00f3n sea diferente (o incluso completamente opuesta) el siguiente a\u00f1o. En\n\n\n  Delaware publicamos los \u00edndices de c\u00e1ncer en per\u00edodos de 5 a\u00f1os (por ejemplo, 2001-2005), para comprender\n\n\n  mejor los patrones de c\u00e1ncer entre las poblaciones peque\u00f1as. Los \u00edndices expresados en per\u00edodos de cinco\n\n\n  a\u00f1os son menos sensibles a las fluctuaciones anuales de casos de c\u00e1ncer diagnosticados en peque\u00f1os poblados.\n\n\n<\/p>\n\n\n<p>\n\n\n  Podemos decir cu\u00e1nto grado de certeza hay en un \u00edndice de c\u00e1ncer al mirar su <strong>intervalo de confianza<\/strong>\n\n\n<\/p>\n\n\n<p>\n\n\n  El intervalo de confianza es un rango de valores que muestra d\u00f3nde podr\u00eda ubicarse el \u00edndice de c\u00e1ncer, de\n\n\n  manera razonablemente confiable. Esto significa que el \u00edndice podr\u00eda estar en cualquier punto entre un l\u00edmite menor\n\n\n  de confianza y uno de mayor confianza.\n\n\n<\/p>\n\n\n<p>\n\n\n  Si la diferencia entre el l\u00edmite de mayor y menor confianza es grande, hay mucha incertidumbre en el \u00edndice de\n\n\n  c\u00e1ncer. Si la diferencia entre ambos l\u00edmites, el mayor y el menor, es muy peque\u00f1a, no hay mucha incertidumbre en el\n\n\n  \u00edndice de c\u00e1ncer\n\n\n<\/p>\n\n\n<p>\n\n\n  <strong>El grosor del intervalo de confianza depende de dos cosas: (a) el n\u00famero de habitantes del \u00e1rea y (b) el\n\n\n  n\u00famero de casos diagnosticados de c\u00e1ncer en esa \u00e1rea.<\/strong>\n\n\n<\/p>\n\n\n<p>\n\n\n  Cuando se calcula el \u00edndice de c\u00e1ncer en un \u00e1rea peque\u00f1a (como una secci\u00f3n censal o una cuadra de un\n\n\n  vecindario), en la zona normalmente vive un peque\u00f1o n\u00famero de personas. Incluso, un n\u00famero aun m\u00e1s\n\n\n  peque\u00f1o de personas que viven en esa zona, podr\u00edan haber sido diagnosticadas con c\u00e1ncer. Cuando se calcula el\n\n\n  \u00edndice en un \u00e1rea peque\u00f1a, \u00e9ste es altamente incierto porque los investigadores no tienen mucha\n\n\n  informaci\u00f3n sobre la cual trabajar. Los \u00edndices de c\u00e1ncer en zonas peque\u00f1as tendr\u00e1n probablemente\n\n\n  intervalos de confianza anchos.\n\n\n<\/p>\n\n\n<p>\n\n\n  Por otra parte, cuando se calcula el \u00edndice de c\u00e1ncer en un \u00e1rea muy grande (como un estado o un pa\u00eds),\n\n\n  muchas personas viven en ella. Es probable que en este espacio m\u00e1s amplio, tambi\u00e9n m\u00e1s personas hayan sido\n\n\n  diagnosticadas con c\u00e1ncer, en comparaci\u00f3n con las zonas de menor tama\u00f1o. Cuando se calcula el \u00edndice en un\n\n\n  espacio m\u00e1s grande, los investigadores tienen m\u00e1s certeza del nivel de c\u00e1ncer en dicha \u00e1rea. Esto significa\n\n\n  que los \u00edndices de c\u00e1ncer en \u00e1reas de mayor tama\u00f1o tendr\u00e1n t\u00edpicamente intervalos de confianza\n\n\n  muy estrechos.\n\n\n<\/p>\n\n\n<p>\n\n\n  Los intervalos de confianza son importantes tambi\u00e9n por otra raz\u00f3n. \u00c9stos ayudan a los investigadores a saber si los\n\n\n  \u00edndices de c\u00e1ncer en dos \u00e1reas diferentes son <strong>a nivel estad\u00edstico, significativamente\n\n\n  diferentes<\/strong> el uno del otro. <strong>Si el intervalo de confianza de un \u00edndice o medici\u00f3n de n\u00famero de casos\n\n\n  de un \u00e1rea NO se superpone con el intervalo de confianza de un \u00edndice o medici\u00f3n de n\u00famero de casos de otra\n\n\n  \u00e1rea, los dos \u00edndices son significativamente diferentes.<\/strong> La figura de abajo muestra c\u00f3mo se ven los\n\n\n  intervalos de confianza que no se superponen\n\n\n<\/p>\n\n\n<p>\n\n\n  Si el \u201c\u00cdndice 1\u201d es significativamente mayor que el \u201c\u00cdndice 2\u201d, el l\u00edmite de confianza\n\n\n  m\u00e1s bajo del\u00a0 \u201c\u00cdndice 1\u201d es mayor que el l\u00edmite de confianza m\u00e1s alto del\n\n\n  \u201c\u00cdndice 2\u201d. Cuando una medici\u00f3n es significativamente diferente de otra, la diferencia entre los dos\n\n\n  n\u00fameros es mayor de lo que se esperar\u00eda s\u00f3lo por casualidad.\n\n\n<\/p>\n\n\n<p>\n\n\n  <img decoding=\"async\" alt=\"Illustration of non-overlapping confidence intervals, indicating statisticalsignificance.\" class=\"img-thumbnail img-responsive\" src=\"\/wp-content\/uploads\/sites\/10\/dph\/img\/ci1_sp.gif\">\n\n\n<\/p>\n\n\n<p>\n\n\n  Por otra parte, <strong>si el intervalo de confianza del \u00edndice o medici\u00f3n del n\u00famero de casos en un \u00e1rea se\n\n\n  superpone con el intervalo de confianza de \u00edndice o medici\u00f3n del n\u00famero de otra \u00e1rea, los dos \u00edndices\n\n\n  NO son significativamente diferentes<\/strong>. La figura de abajo muestra c\u00f3mo se ve un intervalo de confianza cuando los\n\n\n  \u00edndices de c\u00e1ncer en dos \u00e1reas NO son significativamente diferentes el uno del otro.\n\n\n<\/p>\n\n\n<p>\n\n\n  <img decoding=\"async\" alt=\"Illustration of overlapping confidence intervals, indicating no statisticalsignificance\" class=\"img-thumbnail img-responsive\" src=\"\/wp-content\/uploads\/sites\/10\/dph\/img\/ci2_sp.gif\">\n\n\n<\/p>\n\n\n<p>\n\n\n  Si el \u201c\u00cdndice 1\u201d NO es significativamente mayor que el \u201c\u00cdndice 2\u201d, el l\u00edmite de confianza\n\n\n  m\u00e1s bajo del \u201c\u00cdndice 1\u201d es menor que el l\u00edmite de confianza m\u00e1s alto del \u201c\u00cdndice\n\n\n  2\u201d. Aunque los n\u00fameros se ven muy diferentes, si el \u00edndice de c\u00e1ncer de un \u00e1rea <strong>no<\/strong> es\n\n\n  significativamente diferente del \u00edndice de c\u00e1ncer de otra \u00e1rea, los investigadores no pueden decir que el primero\n\n\n  sea realmente diferente del segundo.\n\n\n<\/p>\n\n\n<p>\n\n\n  La Divisi\u00f3n de Salud P\u00fablica compar\u00f3 los \u00edndices de c\u00e1ncer de las zonas censadas con los\n\n\n  \u00edndices de todo el estado Delaware. Esto significa que pudimos saber si alguna zona tuvo un \u00edndice de c\u00e1ncer general\n\n\n  mayor o menor de lo esperado, en comparaci\u00f3n con el resto del estado Delaware.\n\n\n<\/p>\n\n\n<p>\n\n\n  Para ayudarle a interpretar los \u00edndices de c\u00e1ncer de cualquier zona censada, le proporcionamos no s\u00f3lo los mapas,\n\n\n  sino una tabla que enumera los \u00edndices exactos y sus intervalos de confianza, tanto del estado como un todo, como de cada zona\n\n\n  censada. Cuando usted vea el \u00edndice de su zona, es importante mirar el intervalo de confianza. Si un \u00edndice tiene un\n\n\n  intervalo de confianza muy ancho, el \u00edndice de c\u00e1ncer es menos confiable. Cuando el \u00edndice no es muy confiable, las\n\n\n  conclusiones deben tomarse con precauci\u00f3n, recordando que, hasta una medici\u00f3n aproximada puede sobre- o sub-estimar el\n\n\n  \u00edndice real de c\u00e1ncer en una zona censada.\n\n\n<\/p>\n\n\n<p>\n\n\n  Se puede obtener m\u00e1s informaci\u00f3n sobre c\u00f3mo se desarrollaron los \u00edndices de c\u00e1ncer en la\n\n\n  secci\u00f3n de metodolog\u00eda de \u201c\u00cdndices de C\u00e1ncer por Zona Censada.\u201d\n\n\n<\/p>\n\n\n<p>\n\n\n  Si usted tiene alguna inquietud sobre el c\u00e1ncer en su zona censada o en su vecindario, por favor lea la informaci\u00f3n sobre\n\n\n  los conglomerados de c\u00e1ncer. Tambi\u00e9n puede leer m\u00e1s sobre las investigaciones de conglomerados de c\u00e1ncer que\n\n\n  la Divisi\u00f3n de Salud P\u00fablica ha realizado en el pasado. Puede asimismo contactar al Programa de C\u00e1ncer\n\n\n  (302-744-1020) en la Divisi\u00f3n de Salud P\u00fablica para discutir sus inquietudes con nosotros.\n\n\n<\/p>\n\n\n<ul>\n\n\n  <li>\n\n\n    <a class=\"anchors_link\" href=\"censustractrpt_intro.html#mapindex\">Ir a la p\u00e1gina de men\u00fa<\/a>\n\n\n  <\/li>\n\n\n<\/ul>  <!--[END]-->\n\n  \n\n      <\/div>\n\n    <\/div>\n\n  <\/div><!-- \/container -->\n\n<\/div>","protected":false},"excerpt":{"rendered":"<p>Listen Gu&#038;iacute para Entender: Public Health Menu Home About About DPH Sections &#038; Programs Office Locations Contact Info Calendar Services A-Z Services Air &#038; Water Quality Birth, Death, &#038; Marriage Records Clinics Health Data &#038; Statistics Emergency Preparedness Health &#038; Wellness Healthy Homes Healthy Workplaces Laboratory Restaurant Inspections Screening and Testing WIC Additional Services Information [&hellip;]<\/p>\n","protected":false},"author":8,"featured_media":0,"parent":9401,"menu_order":0,"comment_status":"closed","ping_status":"closed","template":"","meta":{"_acf_changed":false,"inline_featured_image":false,"footnotes":""},"class_list":["post-9435","page","type-page","status-publish","hentry"],"acf":[],"_links":{"self":[{"href":"https:\/\/dhss.delaware.gov\/dph\/wp-json\/wp\/v2\/pages\/9435","targetHints":{"allow":["GET"]}}],"collection":[{"href":"https:\/\/dhss.delaware.gov\/dph\/wp-json\/wp\/v2\/pages"}],"about":[{"href":"https:\/\/dhss.delaware.gov\/dph\/wp-json\/wp\/v2\/types\/page"}],"author":[{"embeddable":true,"href":"https:\/\/dhss.delaware.gov\/dph\/wp-json\/wp\/v2\/users\/8"}],"replies":[{"embeddable":true,"href":"https:\/\/dhss.delaware.gov\/dph\/wp-json\/wp\/v2\/comments?post=9435"}],"version-history":[{"count":1,"href":"https:\/\/dhss.delaware.gov\/dph\/wp-json\/wp\/v2\/pages\/9435\/revisions"}],"predecessor-version":[{"id":10674,"href":"https:\/\/dhss.delaware.gov\/dph\/wp-json\/wp\/v2\/pages\/9435\/revisions\/10674"}],"up":[{"embeddable":true,"href":"https:\/\/dhss.delaware.gov\/dph\/wp-json\/wp\/v2\/pages\/9401"}],"wp:attachment":[{"href":"https:\/\/dhss.delaware.gov\/dph\/wp-json\/wp\/v2\/media?parent=9435"}],"curies":[{"name":"wp","href":"https:\/\/api.w.org\/{rel}","templated":true}]}}