{"id":542,"date":"2025-02-24T15:20:40","date_gmt":"2025-02-24T15:20:40","guid":{"rendered":"https:\/\/dhss.delaware.gov\/dsaapd\/connecio\/"},"modified":"2025-02-24T15:20:40","modified_gmt":"2025-02-24T15:20:40","slug":"connecio","status":"publish","type":"page","link":"https:\/\/dhss.delaware.gov\/dsaapd\/connecio\/","title":{"rendered":"connecio ~  Informacion disponible por el internet  &#8211; Delaware Health and Social Services &#8211; State of Delaware"},"content":{"rendered":"<div data-swiftype-index=\"true\">\n\n\n\n  <br>\n\n  \n\n  <div class=\"container\" id=\"main_header\"> <!-- BEGIN readspeaker div -->\n\n    <div class=\"rs_skip rsbtn rs_preserve\" id=\"readspeaker_button1\">\n\n      <a accesskey=\"L\" class=\"rsbtn_play\" href=\"https:\/\/app-na.readspeaker.com\/cgi-bin\/rsent?customerid=7262&#038;lang=en_us&#038;readid=main_content&#038;url=https:\/\/dhss.delaware.gov\/dsaapd\/connecio.html\" title=\"Listen to this page using ReadSpeaker\">\n\n        <span class=\"rsbtn_left rsimg rspart\"><span class=\"rsbtn_text\"><span>Listen<\/span><\/span><\/span>\n\n        <span class=\"rsbtn_right rsimg rsplay rspart\"><\/span>\n\n      <\/a>\n\n    <\/div>\n\n    <!-- END readspeaker div -->\n\n\n\n    \n\n    \n\n    \n\n    <header class=\"pull-left\">\n\n      <h1><!--[type=EDIT name=\"Page Title\"]-->Informaci\ufffdn disponible por el internet<!--[END]--><\/h1>\n\n    <\/header>\n\n  <\/div><br>\n\n \n\n  <div class=\"container\">\n\n    <div class=\"row\">\n\n      <div class=\"col-md-3\" id=\"leftCol\">\n\n        <div class=\"panel-group\" id=\"accordion\">\n\n          <div class=\"panel sectionmenu_panel\">\n\n            <div class=\"panel-heading\">\n\n              <p class=\"panel-title\"><a class=\"agency_nav\" data-parent=\"#accordion\" data-toggle=\"collapse\" href=\"#collapseOne\"><strong><i class=\"fa fa-align-justify fa-fw\"><\/i> Services for Aging and Adults with Physical Disabilities Menu<\/strong><\/a><\/p>\n\n            <\/div>\n\n\n\n            <div class=\"panel-collapse collapse in\" id=\"collapseOne\">\n\n              <div class=\"panel-body\" id=\"clf_nav\">\n\n                  <ul class=\"nav nav-stacked nav-pills-clf\" id=\"agency_sidebar\">\n    <li><a href=\"\/dsaapd\/\"><h2>Home <i class=\"fa fa-home fa-fw\"><\/i><\/h2><\/a><\/li>\n    <li class=\"toplevel\"><a data-parent=\"#agency_sidebar\" data-toggle=\"collapse\" href=\"#HomeMenu\"><h2>About <i class=\"fa fa-caret-right fa-fw\"><\/i><\/h2><\/a>\n    <ul class=\"panel-collapse collapse\" id=\"HomeMenu\">\n    <li>\n      <a href=\"\/dsaapd\/agency.html\">About DSAAPD<\/a>\n    <\/li>\n    <li>\n      <a href=\"\/dsaapd\/contact.html\">Contact Information<\/a>\n    <\/li>\n    <li>\n      <a href=\"\/dsaapd\/faq.html\">FAQs<\/a>\n    <\/li>\n    <li>\n      <a href=\"\/dsaapd\/links.html\">Useful Links<\/a>\n    <\/li>\n  <\/ul><\/li>\n    <li class=\"toplevel\"><a data-parent=\"#sidebar\" data-toggle=\"collapse\" href=\"#ServicesMenu\"><h2>Services <i class=\"fa fa-caret-right fa-fw\"><\/i><\/h2><\/a>\n    <ul class=\"panel-collapse collapse\" id=\"ServicesMenu\">  \n         <li>\n      <a href=\"\/dsaapd\/aps.html\">Adult Protective Services<\/a>\n    <\/li>\n    <li>\n      <a href=\"\/dsaapd\/services.html\">All Services<\/a>\n    <\/li>\n    <li>\n      <a href=\"\/dsaapd\/caregivers_assistance.html\">Assistance for Caregivers<\/a>\n    <\/li>\n    <li>\n      <a href=\"\/dsaapd\/home_communitybased_services.html\">Home and Community-Based Services<\/a>\n    <\/li>\n    <li>\n      <a href=\"\/dsaapd\/information_support.html\">Information and Supports<\/a>\n    <\/li>\n    <li>\n      <a href=\"\/dsaapd\/residential_care.html\">Residential Care<\/a>\n    <\/li>\n    <li>\n      <a href=\"\/dsaapd\/rights_protections.html\">Rights and Protections<\/a>\n    <\/li>\n  <\/ul><\/li>\n    <li class=\"toplevel\"><a data-parent=\"#sidebar\" data-toggle=\"collapse\" href=\"#InformationMenu\"><h2>Information <i class=\"fa fa-caret-right fa-fw\"><\/i><\/h2><\/a>\n    <ul class=\"panel-collapse collapse\" id=\"InformationMenu\">\n      \n       <li>\n      <a href=\"\/dsaapd\/abuseneglectandexploitation.html\">Abuse, Neglect and Exploitation<\/a>\n    <\/li>\n            \n    <li>\n      <a href=\"\/dsaapd\/advance.html\">Advance Directives<\/a>\n    <\/li>\n    <li>\n      <a href=\"\/dsaapd\/alzheimers_toolkit.html\">Alzheimer&#8217;s Toolkit <\/a>\n    <\/li>\n    <li>\n      <a href=\"\/dsaapd\/headinj.html\">Brain Injury and Coma<\/a>\n    <\/li>\n    <li>\n      <a href=\"\/dsaapd\/caregive.html\">Caregiver Information<\/a>\n    <\/li>\n    <li>\n      <a href=\"\/dsaapd\/demogr.html\">Demographic Information<\/a>\n    <\/li>\n    <li>\n      <a href=\"\/dsaapd\/emergencyprep.html\">Emergency Preparedness<\/a>\n    <\/li>\n    <li>\n      <a href=\"\/dsaapd\/health.html\">Health and Wellness<\/a>\n    <\/li>\n    <li>\n      <a href=\"\/dsaapd\/espanol.html\">Informaci\u00f3n en Espa\u00f1ol <\/a>\n    <\/li>\n    <li>\n      <a href=\"\/dsaapd\/professi.html\">Information for Professionals<\/a>\n    <\/li>\n    <li>\n      <a href=\"\/dsaapd\/laws_and_regulations.html\">Laws and Regulations<\/a>\n    <\/li>\n    <li>\n      <a href=\"\/dsaapd\/medicare_fraud.html\"> Medicare Fraud <\/a>\n    <\/li>\n    <li>\n      <a href=\"\/dsaapd\/publica.html\">Publications and Forms<\/a>\n    <\/li>\n    <li>\n      <a href=\"\/dsaapd\/state_ltc_facilities.html\">State-Run Long Term Care Facilities <\/a>\n    <\/li>\n    <li>\n      <a href=\"\/dsaapd\/volopp.html\">Volunteer Opportunities<\/a>\n    <\/li>\n  <\/ul><\/li>\n<!--    <li><a id=\"SocialMenuHeader\"><h2>Connect <i class=\"fa fa-thumbs-o-up fa-fw\"><\/i><\/h2><\/a>\n  <ul id=\"SocialMenu\">\n    <li class=\"facebook\"><a href=\"https:\/\/www.facebook.com\/DEPublicHealth\" title=\"Division of Public Health Facebook Page\" target=\"_blank\"><i class=\"fa fa-facebook-square fa-lg\"><\/i> Facebook<\/a><\/li>\n    <li class=\"twitter\"><a href=\"https:\/\/twitter.com\/Delaware_DHSS\" title=\"Delaware Health and Social Services Twitter Account\" target=\"_blank\"><i class=\"fa fa-twitter-square fa-lg\"><\/i> Twitter<\/a><\/li>\n    <li class=\"googleplus\"><a href=\"#\"><i class=\"fa fa-google-plus-square fa-lg\"><\/i> Google +<\/a><\/li>\n    <li class=\"flickr\"><a href=\"#\"><i class=\"fa fa-flickr fa-lg\"><\/i> Flickr<\/a><\/li>\n    <li class=\"youtube\"><a href=\"#\"><i class=\"fa fa-youtube-square fa-lg\"><\/i> Youtube<\/a><\/li>\n    <li class=\"instagram\"><a href=\"#\"><i class=\"fa fa-instagram fa-lg\"><\/i> Instagram<\/a><\/li>\n    <li class=\"linkedin\"><a href=\"#\"><i class=\"fa fa-linkedin-square fa-lg\"><\/i> Linkedin<\/a><\/li>\n    <li class=\"pinterest\"><a href=\"#\"><i class=\"fa fa-pinterest-square fa-lg\"><\/i> Pinterest<\/a><\/li>\n  <\/ul>\n<\/li>  -->\n<\/ul>\n\n\n\n\n              <\/div>\n\n            <\/div>\n\n          <\/div>\n\n        <\/div><br>\n\n      <\/div>\n\n\n\n      <div class=\"col-md-9\" id=\"main_content\"> \n\n  <!--[type=HTMLEDIT name=\"Content\"]-->\n\n\n\n\n\n\n<ul>\n\n\n\n\n <li><a href=\"https:\/\/www.ssa.gov\/espanol\/\">Administraci\u00f3n del Seguro Social<\/a><br>\n\n\n\n\n La p\u00e1gina del Seguro Social (Social Security) en Espa\u00f1ol<\/li>\n\n\n\n\n <li><a href=\"https:\/\/www.cuidadodesalud.gov\/es\/\">CuidadoDeSalud.gov<\/a><br>\n\n\n\n\n El\u00a0sitio del gobierno federal donde se puede conseguir\u00a0un plan de seguro m\u00e9dico<\/li>\n\n\n\n\n <li><a href=\"https:\/\/es.medicare.gov\/default.aspx\">Medicare<\/a><br>\n\n\n\n\n La p\u00e1gina oficial de Medicare en Espa\u00f1ol<\/li>\n\n\n\n\n <li><a href=\"https:\/\/www.healthfinder.gov\/espanol\/\">Healthfinder.gov en Espa\u00f1ol<\/a><br>\n\n\n\n\n Este sitio tiene mucha informaci\u00f3n sobre la salud proveido por el gobierno federal.<\/li>\n\n\n\n\n <li><a href=\"https:\/\/salud.nih.gov\/\">Institutos Nacionales Sobre la Salud<\/a><br>\n\n\n\n\n El sitio llamado Medline Plus de Los Institutos Nacionales de la Salud en Espa\u00f1ol<\/li>\n\n\n\n\n <li><a href=\"https:\/\/www.nia.nih.gov\/health\/espanol\/temas\">Instituto Nacional Sobre el Envejecimiento<\/a><br>\n\n\n\n\n Parte del gobierno federal, este instituto provee informaci\u00f3n sobre la salud para personas mayores y sus familiares.<\/li>\n\n\n\n\n <li><a href=\"https:\/\/www.caregiver.org\/fact-sheets\">Hojas Informativas Proveidos por Family Caregiver Alliance<\/a><br>\n\n\n\n\n Family Caregiver Alliance provee varias hojas informativas en Espa\u00f1ol (hacia el\u00a0final de la p\u00e1gina).<\/li>\n\n\n\n\n <li><a href=\"https:\/\/www.alz.org\/espanol\/overview-espanol.asp\">Alzheimer&#8217;s Association en Espa\u00f1ol<\/a><br>\n\n\n\n\n Informaci\u00f3n en Espa\u00f1ol\u00a0sobre Alzheimer&#8217;s e\u00a0informaci\u00f3n para ayudar a los cuidadores.<\/li>\n\n\n\n\n <li><a href=\"https:\/\/www.nationalmssociety.org\/Resources-Support\/Library-Education-Programs\/Informacion-en-Espanol\">Sociedad Nacional de Esclerosis M\u00faltiple<\/a><br>\n\n\n\n\n Este sitio contiene informaci\u00f3n sobre la esclerosis m\u00faltiple (EM) en en Espa\u00f1ol.<\/li>\n\n\n\n\n <li><a href=\"http:\/\/www.ipl.org\/div\/news\/\">Peri\u00f3dicos<\/a><br>\n\n\n\n\n Este sitio tiene enlaces a peri\u00f3dicos de todas partes del mundo. Para periodicos en Espa\u00f1ol, busque en la lista para los paises apropriados.<\/li>\n\n\n\n\n<\/ul>\n\n\n\n\n  <!--[END]-->\n\n  \n\n      <\/div>\n\n    <\/div>\n\n  <\/div><!-- \/container -->\n\n<\/div>","protected":false},"excerpt":{"rendered":"<p>Listen Informaci\ufffdn disponible por el internet Services for Aging and Adults with Physical Disabilities Menu Home About About DSAAPD Contact Information FAQs Useful Links Services Adult Protective Services All Services Assistance for Caregivers Home and Community-Based Services Information and Supports Residential Care Rights and Protections Information Abuse, Neglect and Exploitation Advance Directives Alzheimer&#8217;s Toolkit Brain [&hellip;]<\/p>\n","protected":false},"author":8,"featured_media":0,"parent":0,"menu_order":0,"comment_status":"closed","ping_status":"closed","template":"","meta":{"_acf_changed":false,"inline_featured_image":false,"footnotes":""},"class_list":["post-542","page","type-page","status-publish","hentry"],"acf":[],"_links":{"self":[{"href":"https:\/\/dhss.delaware.gov\/dsaapd\/wp-json\/wp\/v2\/pages\/542","targetHints":{"allow":["GET"]}}],"collection":[{"href":"https:\/\/dhss.delaware.gov\/dsaapd\/wp-json\/wp\/v2\/pages"}],"about":[{"href":"https:\/\/dhss.delaware.gov\/dsaapd\/wp-json\/wp\/v2\/types\/page"}],"author":[{"embeddable":true,"href":"https:\/\/dhss.delaware.gov\/dsaapd\/wp-json\/wp\/v2\/users\/8"}],"replies":[{"embeddable":true,"href":"https:\/\/dhss.delaware.gov\/dsaapd\/wp-json\/wp\/v2\/comments?post=542"}],"version-history":[{"count":0,"href":"https:\/\/dhss.delaware.gov\/dsaapd\/wp-json\/wp\/v2\/pages\/542\/revisions"}],"wp:attachment":[{"href":"https:\/\/dhss.delaware.gov\/dsaapd\/wp-json\/wp\/v2\/media?parent=542"}],"curies":[{"name":"wp","href":"https:\/\/api.w.org\/{rel}","templated":true}]}}